{"id":101,"date":"2021-11-04T14:08:28","date_gmt":"2021-11-04T14:08:28","guid":{"rendered":"https:\/\/www.tmdejvice.cz\/?page_id=101"},"modified":"2021-11-04T14:09:39","modified_gmt":"2021-11-04T14:09:39","slug":"kariera","status":"publish","type":"page","link":"https:\/\/www.tmdejvice.cz\/index.php\/kariera\/","title":{"rendered":"Kari\u00e9ra"},"content":{"rendered":"\t\t<div data-elementor-type=\"wp-page\" data-elementor-id=\"101\" class=\"elementor elementor-101\">\n\t\t\t\t\t\t\t\t\t<section class=\"elementor-section elementor-top-section elementor-element elementor-element-4412c06e elementor-section-boxed elementor-section-height-default elementor-section-height-default\" data-id=\"4412c06e\" data-element_type=\"section\" data-settings=\"{&quot;background_background&quot;:&quot;classic&quot;}\">\n\t\t\t\t\t\t\t<div class=\"elementor-background-overlay\"><\/div>\n\t\t\t\t\t\t\t<div class=\"elementor-container elementor-column-gap-default\">\n\t\t\t\t\t<div class=\"elementor-column elementor-col-100 elementor-top-column elementor-element elementor-element-1fc53c75\" data-id=\"1fc53c75\" data-element_type=\"column\">\n\t\t\t<div class=\"elementor-widget-wrap elementor-element-populated\">\n\t\t\t\t\t\t\t\t<div class=\"elementor-element elementor-element-5c64b06c elementor-widget elementor-widget-heading\" data-id=\"5c64b06c\" data-element_type=\"widget\" data-widget_type=\"heading.default\">\n\t\t\t\t<div class=\"elementor-widget-container\">\n\t\t\t<style>\/*! elementor - v3.6.6 - 08-06-2022 *\/\n.elementor-heading-title{padding:0;margin:0;line-height:1}.elementor-widget-heading .elementor-heading-title[class*=elementor-size-]>a{color:inherit;font-size:inherit;line-height:inherit}.elementor-widget-heading .elementor-heading-title.elementor-size-small{font-size:15px}.elementor-widget-heading .elementor-heading-title.elementor-size-medium{font-size:19px}.elementor-widget-heading .elementor-heading-title.elementor-size-large{font-size:29px}.elementor-widget-heading .elementor-heading-title.elementor-size-xl{font-size:39px}.elementor-widget-heading .elementor-heading-title.elementor-size-xxl{font-size:59px}<\/style><h2 class=\"elementor-heading-title elementor-size-large\">Kari\u00e9ra<\/h2>\t\t<\/div>\n\t\t\t\t<\/div>\n\t\t\t\t\t<\/div>\n\t\t<\/div>\n\t\t\t\t\t\t\t<\/div>\n\t\t<\/section>\n\t\t\t\t<section class=\"elementor-section elementor-top-section elementor-element elementor-element-483a6474 elementor-section-height-min-height elementor-section-boxed elementor-section-height-default elementor-section-items-middle\" data-id=\"483a6474\" data-element_type=\"section\">\n\t\t\t\t\t\t<div class=\"elementor-container elementor-column-gap-default\">\n\t\t\t\t\t<div class=\"elementor-column elementor-col-100 elementor-top-column elementor-element elementor-element-1b9498a6\" data-id=\"1b9498a6\" data-element_type=\"column\">\n\t\t\t<div class=\"elementor-widget-wrap elementor-element-populated\">\n\t\t\t\t\t\t\t\t<div class=\"elementor-element elementor-element-4a68d740 elementor-widget elementor-widget-text-editor\" data-id=\"4a68d740\" data-element_type=\"widget\" data-widget_type=\"text-editor.default\">\n\t\t\t\t<div class=\"elementor-widget-container\">\n\t\t\t<style>\/*! elementor - v3.6.6 - 08-06-2022 *\/\n.elementor-widget-text-editor.elementor-drop-cap-view-stacked .elementor-drop-cap{background-color:#818a91;color:#fff}.elementor-widget-text-editor.elementor-drop-cap-view-framed .elementor-drop-cap{color:#818a91;border:3px solid;background-color:transparent}.elementor-widget-text-editor:not(.elementor-drop-cap-view-default) .elementor-drop-cap{margin-top:8px}.elementor-widget-text-editor:not(.elementor-drop-cap-view-default) .elementor-drop-cap-letter{width:1em;height:1em}.elementor-widget-text-editor .elementor-drop-cap{float:left;text-align:center;line-height:1;font-size:50px}.elementor-widget-text-editor .elementor-drop-cap-letter{display:inline-block}<\/style>\t\t\t\t<p style=\"font-weight: 400;\">Zaj\u00edmaj\u00ed V\u00e1s nov\u00e9 komunika\u010dn\u00ed technologie ? Bav\u00ed V\u00e1s pr\u00e1ce s lidmi ? Chcete se st\u00e1t d\u016fle\u017eit\u00fdm spojovac\u00edm \u010dl\u00e1nkem mezi siln\u00fdm telekomunika\u010dn\u00edm oper\u00e1torem T-Mobile a jeho z\u00e1kazn\u00edky ? Jste sout\u011b\u017eiv\u00ed a r\u00e1di zdol\u00e1v\u00e1te v\u00fdzvy ? Chcete b\u00fdt odm\u011b\u0148ov\u00e1ni za to, co firm\u011b p\u0159inesete ?<\/p><p style=\"font-weight: 400;\"><strong>Pokud ano, p\u0159idejte se k n\u00e1m!!!<\/strong><\/p><p style=\"font-weight: 400;\"><strong>Co v\u00e1s \u010dek\u00e1?<\/strong><\/p><ul style=\"font-weight: 400;\"><li>Zaj\u00edmav\u00e1 pr\u00e1ce v mlad\u00e9m aktivn\u00edm kolektivu\u00a0<strong>na prodejn\u011b T-Mobile<\/strong>.<\/li><li>Aktivn\u00ed zji\u0161\u0165ov\u00e1n\u00ed pot\u0159eb z\u00e1kazn\u00edk\u016f a hled\u00e1n\u00ed nejvhodn\u011bj\u0161\u00edch \u0159e\u0161en\u00ed<\/li><li>Budete seznamovat z\u00e1kazn\u00edky s nov\u00fdmi technologiemi a slu\u017ebami.<\/li><\/ul><p>\u00a0<\/p><p style=\"font-weight: 400;\"><strong>Co v\u00e1m m\u016f\u017eeme nab\u00eddnout?<\/strong><\/p><ul style=\"font-weight: 400;\"><li>Mo\u017enost seberealizace v zaj\u00edmav\u00e9, odpov\u011bdn\u00e9 a samostatn\u00e9 pr\u00e1ce<\/li><li>Zaji\u0161t\u011bn\u00ed maxim\u00e1ln\u00edho profesn\u00edho rozvoje v oblasti prodejn\u00edch dovednost\u00ed a komunikace se z\u00e1kazn\u00edkem<\/li><li>P\u0159\u00edjemn\u00e9 pracovn\u00ed prost\u0159ed\u00ed v kolektivu, kter\u00fd t\u00e1hne za jeden provaz<\/li><li>Motivujeme mzdov\u00fdm ohodnocen\u00edm (22 000 &#8211;\u00a0<strong>40 000 K\u010d<\/strong>), nav\u00edc benefity a m\u011bs\u00ed\u010dn\u00edmi sout\u011b\u017eemi o hodnotn\u00e9 ceny (a\u017e 10 000 K\u010d\/m\u011bs)<\/li><li>Na\u0161i zam\u011bstnanci maj\u00ed p\u0159\u00edsp\u011bvek na slu\u017eebn\u00ed tarif a telefon.<\/li><li>Ide\u00e1ln\u00ed pro\u00a0<strong>start kari\u00e9ry<\/strong>, v r\u00e1mci spole\u010dnosti mo\u017enost\u00a0<strong>kari\u00e9rn\u00edho r\u016fstu<\/strong>\u00a0na prodejn\u00edch pozic\u00edch.<\/li><\/ul><p>\u00a0<\/p><p style=\"font-weight: 400;\"><strong>Co budete pot\u0159ebovat?<\/strong><\/p><ul style=\"font-weight: 400;\"><li>Aktivitu, zam\u011b\u0159en\u00ed na v\u00fdsledek<\/li><li>P\u0159\u00edjemn\u00e9 vystupov\u00e1n\u00ed, z\u00e1kaznickou orientaci<\/li><li>Spolehlivost a zodpov\u011bdnost<\/li><li>Chu\u0165 u\u010dit se nov\u00fdm v\u011bcem<\/li><li>Sout\u011b\u017eivost, ale z\u00e1rove\u0148 i t\u00fdmov\u00e9ho ducha<\/li><li>Z\u00e1jem o nov\u00e9 technologie<\/li><li>Komunikativnost, flexibilitu<\/li><\/ul><p>\u00a0<\/p><p style=\"font-weight: 400;\"><strong>Na\u0161li jste se v \u0159\u00e1dc\u00edch v\u00fd\u0161e?<\/strong><\/p><p style=\"font-weight: 400;\"><strong>Pokud ano, r\u00e1di V\u00e1s pozn\u00e1me i my. Pe\u010dliv\u011b si p\u0159e\u010dteme V\u00e1\u0161 \u017eivotopis. Ka\u017edou \u017e\u00e1dost vyhodnot\u00edme a do t\u0159\u00ed dn\u016f odpov\u00edme.<\/strong><\/p>\t\t\t\t\t\t<\/div>\n\t\t\t\t<\/div>\n\t\t\t\t<div class=\"elementor-element elementor-element-25ed66e6 elementor-align-center elementor-widget elementor-widget-button\" data-id=\"25ed66e6\" data-element_type=\"widget\" data-widget_type=\"button.default\">\n\t\t\t\t<div class=\"elementor-widget-container\">\n\t\t\t\t\t<div class=\"elementor-button-wrapper\">\n\t\t\t<a href=\"mailto:jakub.hovorka@futureline.cz\" class=\"elementor-button-link elementor-button elementor-size-sm\" role=\"button\">\n\t\t\t\t\t\t<span class=\"elementor-button-content-wrapper\">\n\t\t\t\t\t\t<span class=\"elementor-button-text\">jakub.hovorka@futureline.cz<\/span>\n\t\t<\/span>\n\t\t\t\t\t<\/a>\n\t\t<\/div>\n\t\t\t\t<\/div>\n\t\t\t\t<\/div>\n\t\t\t\t\t<\/div>\n\t\t<\/div>\n\t\t\t\t\t\t\t<\/div>\n\t\t<\/section>\n\t\t\t\t\t\t\t<\/div>\n\t\t","protected":false},"excerpt":{"rendered":"<p>Kari\u00e9ra Zaj\u00edmaj\u00ed V\u00e1s nov\u00e9 komunika\u010dn\u00ed technologie ? Bav\u00ed V\u00e1s pr\u00e1ce s lidmi ? Chcete se st\u00e1t d\u016fle\u017eit\u00fdm spojovac\u00edm \u010dl\u00e1nkem mezi siln\u00fdm telekomunika\u010dn\u00edm oper\u00e1torem T-Mobile a jeho z\u00e1kazn\u00edky ? Jste sout\u011b\u017eiv\u00ed a r\u00e1di zdol\u00e1v\u00e1te v\u00fdzvy ? Chcete b\u00fdt odm\u011b\u0148ov\u00e1ni za to, co firm\u011b p\u0159inesete ? Pokud ano, p\u0159idejte se k n\u00e1m!!! Co v\u00e1s \u010dek\u00e1? Zaj\u00edmav\u00e1 pr\u00e1ce [&hellip;]<\/p>\n","protected":false},"author":1,"featured_media":0,"parent":0,"menu_order":0,"comment_status":"closed","ping_status":"closed","template":"","meta":[],"_links":{"self":[{"href":"https:\/\/www.tmdejvice.cz\/index.php\/wp-json\/wp\/v2\/pages\/101"}],"collection":[{"href":"https:\/\/www.tmdejvice.cz\/index.php\/wp-json\/wp\/v2\/pages"}],"about":[{"href":"https:\/\/www.tmdejvice.cz\/index.php\/wp-json\/wp\/v2\/types\/page"}],"author":[{"embeddable":true,"href":"https:\/\/www.tmdejvice.cz\/index.php\/wp-json\/wp\/v2\/users\/1"}],"replies":[{"embeddable":true,"href":"https:\/\/www.tmdejvice.cz\/index.php\/wp-json\/wp\/v2\/comments?post=101"}],"version-history":[{"count":10,"href":"https:\/\/www.tmdejvice.cz\/index.php\/wp-json\/wp\/v2\/pages\/101\/revisions"}],"predecessor-version":[{"id":113,"href":"https:\/\/www.tmdejvice.cz\/index.php\/wp-json\/wp\/v2\/pages\/101\/revisions\/113"}],"wp:attachment":[{"href":"https:\/\/www.tmdejvice.cz\/index.php\/wp-json\/wp\/v2\/media?parent=101"}],"curies":[{"name":"wp","href":"https:\/\/api.w.org\/{rel}","templated":true}]}}